{"id":14184,"date":"2023-07-30T09:32:45","date_gmt":"2023-07-30T08:32:45","guid":{"rendered":"https:\/\/www.hotel-spa-lesalpes.fr\/breakfast\/"},"modified":"2023-08-20T19:21:39","modified_gmt":"2023-08-20T18:21:39","slug":"breakfast","status":"publish","type":"page","link":"https:\/\/www.hotel-spa-lesalpes.fr\/en\/rooms-suites\/breakfast\/","title":{"rendered":"Breakfast"},"content":{"rendered":"\t\t<div data-elementor-type=\"wp-page\" data-elementor-id=\"14184\" class=\"elementor elementor-14184 elementor-7771\">\n\t\t\t\t\t\t<section class=\"elementor-section elementor-top-section elementor-element elementor-element-e321a29 elementor-section-boxed elementor-section-height-default elementor-section-height-default\" data-id=\"e321a29\" data-element_type=\"section\" data-e-type=\"section\">\n\t\t\t\t\t\t<div class=\"elementor-container elementor-column-gap-default\">\n\t\t\t\t\t<div class=\"elementor-column elementor-col-100 elementor-top-column elementor-element elementor-element-4c00d31\" data-id=\"4c00d31\" data-element_type=\"column\" data-e-type=\"column\">\n\t\t\t<div class=\"elementor-widget-wrap elementor-element-populated\">\n\t\t\t\t\t\t<div class=\"elementor-element elementor-element-6a5d95c elementor-widget elementor-widget-image\" data-id=\"6a5d95c\" data-element_type=\"widget\" data-e-type=\"widget\" data-widget_type=\"image.default\">\n\t\t\t\t<div class=\"elementor-widget-container\">\n\t\t\t\t\t\t\t\t\t\t\t\t\t\t\t<img fetchpriority=\"high\" decoding=\"async\" width=\"800\" height=\"600\" src=\"https:\/\/www.hotel-spa-lesalpes.fr\/wp-content\/uploads\/2017\/07\/petit-dejeuner-buffet-1024x768.jpg\" class=\"attachment-large size-large wp-image-10485\" alt=\"\" srcset=\"https:\/\/www.hotel-spa-lesalpes.fr\/wp-content\/uploads\/2017\/07\/petit-dejeuner-buffet-1024x768.jpg 1024w, https:\/\/www.hotel-spa-lesalpes.fr\/wp-content\/uploads\/2017\/07\/petit-dejeuner-buffet-300x225.jpg 300w, https:\/\/www.hotel-spa-lesalpes.fr\/wp-content\/uploads\/2017\/07\/petit-dejeuner-buffet-768x576.jpg 768w, https:\/\/www.hotel-spa-lesalpes.fr\/wp-content\/uploads\/2017\/07\/petit-dejeuner-buffet-1536x1152.jpg 1536w, https:\/\/www.hotel-spa-lesalpes.fr\/wp-content\/uploads\/2017\/07\/petit-dejeuner-buffet-2048x1536.jpg 2048w, https:\/\/www.hotel-spa-lesalpes.fr\/wp-content\/uploads\/2017\/07\/petit-dejeuner-buffet-600x450.jpg 600w\" sizes=\"(max-width: 800px) 100vw, 800px\">\t\t\t\t\t\t\t\t\t\t\t\t\t\t\t<\/div>\n\t\t\t\t<\/div>\n\t\t\t\t<div class=\"elementor-element elementor-element-9ad1182 elementor-widget elementor-widget-spacer\" data-id=\"9ad1182\" data-element_type=\"widget\" data-e-type=\"widget\" data-widget_type=\"spacer.default\">\n\t\t\t\t<div class=\"elementor-widget-container\">\n\t\t\t\t\t\t\t<div class=\"elementor-spacer\">\n\t\t\t<div class=\"elementor-spacer-inner\"><\/div>\n\t\t<\/div>\n\t\t\t\t\t\t<\/div>\n\t\t\t\t<\/div>\n\t\t\t\t\t<\/div>\n\t\t<\/div>\n\t\t\t\t\t<\/div>\n\t\t<\/section>\n\t\t\t\t<section class=\"elementor-section elementor-top-section elementor-element elementor-element-38fac51 elementor-section-boxed elementor-section-height-default elementor-section-height-default\" data-id=\"38fac51\" data-element_type=\"section\" data-e-type=\"section\">\n\t\t\t\t\t\t<div class=\"elementor-container elementor-column-gap-default\">\n\t\t\t\t\t<div class=\"elementor-column elementor-col-100 elementor-top-column elementor-element elementor-element-fe62f91\" data-id=\"fe62f91\" data-element_type=\"column\" data-e-type=\"column\">\n\t\t\t<div class=\"elementor-widget-wrap elementor-element-populated\">\n\t\t\t\t\t\t<div class=\"elementor-element elementor-element-4250fa5 elementor-widget elementor-widget-heading\" data-id=\"4250fa5\" data-element_type=\"widget\" data-e-type=\"widget\" data-widget_type=\"heading.default\">\n\t\t\t\t<div class=\"elementor-widget-container\">\n\t\t\t\t\t<h2 class=\"elementor-heading-title elementor-size-default\">Wake up gently, it's time for breakfast!<\/h2>\t\t\t\t<\/div>\n\t\t\t\t<\/div>\n\t\t\t\t\t<\/div>\n\t\t<\/div>\n\t\t\t\t\t<\/div>\n\t\t<\/section>\n\t\t\t\t<section class=\"elementor-section elementor-top-section elementor-element elementor-element-b07337e elementor-section-boxed elementor-section-height-default elementor-section-height-default\" data-id=\"b07337e\" data-element_type=\"section\" data-e-type=\"section\">\n\t\t\t\t\t\t<div class=\"elementor-container elementor-column-gap-default\">\n\t\t\t\t\t<div class=\"elementor-column elementor-col-100 elementor-top-column elementor-element elementor-element-f042080\" data-id=\"f042080\" data-element_type=\"column\" data-e-type=\"column\">\n\t\t\t<div class=\"elementor-widget-wrap elementor-element-populated\">\n\t\t\t\t\t\t<div class=\"elementor-element elementor-element-e44c1ff elementor-widget elementor-widget-text-editor\" data-id=\"e44c1ff\" data-element_type=\"widget\" data-e-type=\"widget\" data-widget_type=\"text-editor.default\">\n\t\t\t\t<div class=\"elementor-widget-container\">\n\t\t\t\t\t\t\t\t\t<p id=\"tw-target-text\" class=\"tw-data-text tw-text-large tw-ta\" dir=\"ltr\" data-placeholder=\"Traduction\"><strong><span class=\"Y2IQFc\" lang=\"en\">Breakfast buffets&#8230; You won&#8217;t be able to do without it !! <\/span><\/strong><\/p>\n<p class=\"tw-data-text tw-text-large tw-ta\" dir=\"ltr\" data-placeholder=\"Traduction\"><span class=\"Y2IQFc\" lang=\"en\">Sweet buffet with fresh fruit, pancakes, pancakes, brioche, all-butter madeleine, chocolate muffins, brownies, pastries with PDO Charentes butter, apple pie, filled donuts, canel\u00e9s, dried fruit, large selection of cereals, biscuits, Nutella, local jams and honey, etc&#8230; <\/span><\/p>\n<p class=\"tw-data-text tw-text-large tw-ta\" dir=\"ltr\" data-placeholder=\"Traduction\"><span class=\"Y2IQFc\" lang=\"en\">Salty buffet with various varieties of bread, local charcuterie, scrambled eggs, grilled bacon, smoked sausages, white pudding, a real Tour de France mature cheese platter, etc&#8230; Beverage buffet with hot drinks, fruit juices, waters.<\/span><\/p>\n\t\t\t\t\t\t\t\t<\/div>\n\t\t\t\t<\/div>\n\t\t\t\t\t<\/div>\n\t\t<\/div>\n\t\t\t\t\t<\/div>\n\t\t<\/section>\n\t\t\t\t<section class=\"elementor-section elementor-top-section elementor-element elementor-element-47bf4f7 elementor-section-boxed elementor-section-height-default elementor-section-height-default\" data-id=\"47bf4f7\" data-element_type=\"section\" data-e-type=\"section\">\n\t\t\t\t\t\t<div class=\"elementor-container elementor-column-gap-default\">\n\t\t\t\t\t<div class=\"elementor-column elementor-col-100 elementor-top-column elementor-element elementor-element-c5e7883\" data-id=\"c5e7883\" data-element_type=\"column\" data-e-type=\"column\">\n\t\t\t<div class=\"elementor-widget-wrap elementor-element-populated\">\n\t\t\t\t\t\t<div class=\"elementor-element elementor-element-9d74ca2 elementor-widget elementor-widget-image-gallery\" data-id=\"9d74ca2\" data-element_type=\"widget\" data-e-type=\"widget\" data-widget_type=\"image-gallery.default\">\n\t\t\t\t<div class=\"elementor-widget-container\">\n\t\t\t\t\t\t\t<div class=\"elementor-image-gallery\">\n\t\t\t\n\t\t<style type=\"text\/css\">\n\t\t\t#gallery-1 {\n\t\t\t\tmargin: auto;\n\t\t\t}\n\t\t\t#gallery-1 .gallery-item {\n\t\t\t\tfloat: left;\n\t\t\t\tmargin-top: 10px;\n\t\t\t\ttext-align: center;\n\t\t\t\twidth: 25%;\n\t\t\t}\n\t\t\t#gallery-1 img {\n\t\t\t\tborder: 2px solid #cfcfcf;\n\t\t\t}\n\t\t\t#gallery-1 .gallery-caption {\n\t\t\t\tmargin-left: 0;\n\t\t\t}\n\t\t\t\/* see gallery_shortcode() in wp-includes\/media.php *\/\n\t\t<\/style>\n\t\t<div id='gallery-1' class='gallery galleryid-14184 gallery-columns-4 gallery-size-thumbnail'><dl class='gallery-item'>\n\t\t\t<dt class='gallery-icon landscape'>\n\t\t\t\t<a data-elementor-open-lightbox=\"yes\" data-elementor-lightbox-slideshow=\"9d74ca2\" data-elementor-lightbox-title=\"1000\" data-e-action-hash=\"#elementor-action%3Aaction%3Dlightbox%26settings%3DeyJpZCI6MTEyNzgsInVybCI6Imh0dHBzOlwvXC93d3cuaG90ZWwtc3BhLWxlc2FscGVzLmZyXC93cC1jb250ZW50XC91cGxvYWRzXC8yMDIyXC8wOFwvMTAwMC5qcGciLCJzbGlkZXNob3ciOiI5ZDc0Y2EyIn0%3D\" href='https:\/\/www.hotel-spa-lesalpes.fr\/wp-content\/uploads\/2022\/08\/1000.jpg'><img decoding=\"async\" width=\"150\" height=\"150\" src=\"https:\/\/www.hotel-spa-lesalpes.fr\/wp-content\/uploads\/2022\/08\/1000-150x150.jpg\" class=\"attachment-thumbnail size-thumbnail\" alt=\"\" srcset=\"https:\/\/www.hotel-spa-lesalpes.fr\/wp-content\/uploads\/2022\/08\/1000-150x150.jpg 150w, https:\/\/www.hotel-spa-lesalpes.fr\/wp-content\/uploads\/2022\/08\/1000-300x300.jpg 300w, https:\/\/www.hotel-spa-lesalpes.fr\/wp-content\/uploads\/2022\/08\/1000-768x768.jpg 768w, https:\/\/www.hotel-spa-lesalpes.fr\/wp-content\/uploads\/2022\/08\/1000-600x600.jpg 600w, https:\/\/www.hotel-spa-lesalpes.fr\/wp-content\/uploads\/2022\/08\/1000-100x100.jpg 100w, https:\/\/www.hotel-spa-lesalpes.fr\/wp-content\/uploads\/2022\/08\/1000.jpg 1000w\" sizes=\"(max-width: 150px) 100vw, 150px\"><\/a>\n\t\t\t<\/dt><\/dl><dl class='gallery-item'>\n\t\t\t<dt class='gallery-icon landscape'>\n\t\t\t\t<a data-elementor-open-lightbox=\"yes\" data-elementor-lightbox-slideshow=\"9d74ca2\" data-elementor-lightbox-title=\"1000 1\" data-e-action-hash=\"#elementor-action%3Aaction%3Dlightbox%26settings%3DeyJpZCI6MTEyNzksInVybCI6Imh0dHBzOlwvXC93d3cuaG90ZWwtc3BhLWxlc2FscGVzLmZyXC93cC1jb250ZW50XC91cGxvYWRzXC8yMDIyXC8wOFwvMTAwMC0xLmpwZyIsInNsaWRlc2hvdyI6IjlkNzRjYTIifQ%3D%3D\" href='https:\/\/www.hotel-spa-lesalpes.fr\/wp-content\/uploads\/2022\/08\/1000-1.jpg'><img decoding=\"async\" width=\"150\" height=\"150\" src=\"https:\/\/www.hotel-spa-lesalpes.fr\/wp-content\/uploads\/2022\/08\/1000-1-150x150.jpg\" class=\"attachment-thumbnail size-thumbnail\" alt=\"\" srcset=\"https:\/\/www.hotel-spa-lesalpes.fr\/wp-content\/uploads\/2022\/08\/1000-1-150x150.jpg 150w, https:\/\/www.hotel-spa-lesalpes.fr\/wp-content\/uploads\/2022\/08\/1000-1-300x300.jpg 300w, https:\/\/www.hotel-spa-lesalpes.fr\/wp-content\/uploads\/2022\/08\/1000-1-768x768.jpg 768w, https:\/\/www.hotel-spa-lesalpes.fr\/wp-content\/uploads\/2022\/08\/1000-1-600x600.jpg 600w, https:\/\/www.hotel-spa-lesalpes.fr\/wp-content\/uploads\/2022\/08\/1000-1-100x100.jpg 100w, https:\/\/www.hotel-spa-lesalpes.fr\/wp-content\/uploads\/2022\/08\/1000-1.jpg 1000w\" sizes=\"(max-width: 150px) 100vw, 150px\"><\/a>\n\t\t\t<\/dt><\/dl><dl class='gallery-item'>\n\t\t\t<dt class='gallery-icon landscape'>\n\t\t\t\t<a data-elementor-open-lightbox=\"yes\" data-elementor-lightbox-slideshow=\"9d74ca2\" data-elementor-lightbox-title=\"1000 9\" data-e-action-hash=\"#elementor-action%3Aaction%3Dlightbox%26settings%3DeyJpZCI6MTEyOTksInVybCI6Imh0dHBzOlwvXC93d3cuaG90ZWwtc3BhLWxlc2FscGVzLmZyXC93cC1jb250ZW50XC91cGxvYWRzXC8yMDIzXC8wN1wvMTAwMC05LmpwZyIsInNsaWRlc2hvdyI6IjlkNzRjYTIifQ%3D%3D\" href='https:\/\/www.hotel-spa-lesalpes.fr\/wp-content\/uploads\/2023\/07\/1000-9.jpg'><img loading=\"lazy\" decoding=\"async\" width=\"150\" height=\"150\" src=\"https:\/\/www.hotel-spa-lesalpes.fr\/wp-content\/uploads\/2023\/07\/1000-9-150x150.jpg\" class=\"attachment-thumbnail size-thumbnail\" alt=\"\" srcset=\"https:\/\/www.hotel-spa-lesalpes.fr\/wp-content\/uploads\/2023\/07\/1000-9-150x150.jpg 150w, https:\/\/www.hotel-spa-lesalpes.fr\/wp-content\/uploads\/2023\/07\/1000-9-300x300.jpg 300w, https:\/\/www.hotel-spa-lesalpes.fr\/wp-content\/uploads\/2023\/07\/1000-9-768x768.jpg 768w, https:\/\/www.hotel-spa-lesalpes.fr\/wp-content\/uploads\/2023\/07\/1000-9.jpg 1000w\" sizes=\"(max-width: 150px) 100vw, 150px\"><\/a>\n\t\t\t<\/dt><\/dl><dl class='gallery-item'>\n\t\t\t<dt class='gallery-icon landscape'>\n\t\t\t\t<a data-elementor-open-lightbox=\"yes\" data-elementor-lightbox-slideshow=\"9d74ca2\" data-elementor-lightbox-title=\"terrasse\" data-e-action-hash=\"#elementor-action%3Aaction%3Dlightbox%26settings%3DeyJpZCI6MTExOTcsInVybCI6Imh0dHBzOlwvXC93d3cuaG90ZWwtc3BhLWxlc2FscGVzLmZyXC93cC1jb250ZW50XC91cGxvYWRzXC8yMDIzXC8wNlwvdGVycmFzc2UuanBnIiwic2xpZGVzaG93IjoiOWQ3NGNhMiJ9\" href='https:\/\/www.hotel-spa-lesalpes.fr\/wp-content\/uploads\/2023\/06\/terrasse.jpg'><img loading=\"lazy\" decoding=\"async\" width=\"150\" height=\"150\" src=\"https:\/\/www.hotel-spa-lesalpes.fr\/wp-content\/uploads\/2023\/06\/terrasse-150x150.jpg\" class=\"attachment-thumbnail size-thumbnail\" alt=\"\" srcset=\"https:\/\/www.hotel-spa-lesalpes.fr\/wp-content\/uploads\/2023\/06\/terrasse-150x150.jpg 150w, https:\/\/www.hotel-spa-lesalpes.fr\/wp-content\/uploads\/2023\/06\/terrasse-300x300.jpg 300w, https:\/\/www.hotel-spa-lesalpes.fr\/wp-content\/uploads\/2023\/06\/terrasse-100x100.jpg 100w\" sizes=\"(max-width: 150px) 100vw, 150px\"><\/a>\n\t\t\t<\/dt><\/dl><br style=\"clear: both\" \/><dl class='gallery-item'>\n\t\t\t<dt class='gallery-icon landscape'>\n\t\t\t\t<a data-elementor-open-lightbox=\"yes\" data-elementor-lightbox-slideshow=\"9d74ca2\" data-elementor-lightbox-title=\"H\u00f4tel-des-Alpes-Gr\u00e9oux-Les-Bains-buffet-petit-d\u00e9jeuner-1-1\" data-e-action-hash=\"#elementor-action%3Aaction%3Dlightbox%26settings%3DeyJpZCI6MTEwNjYsInVybCI6Imh0dHBzOlwvXC93d3cuaG90ZWwtc3BhLWxlc2FscGVzLmZyXC93cC1jb250ZW50XC91cGxvYWRzXC8yMDExXC8wNlwvSG90ZWwtZGVzLUFscGVzLUdyZW91eC1MZXMtQmFpbnMtYnVmZmV0LXBldGl0LWRlamV1bmVyLTEtMS5qcGciLCJzbGlkZXNob3ciOiI5ZDc0Y2EyIn0%3D\" href='https:\/\/www.hotel-spa-lesalpes.fr\/wp-content\/uploads\/2011\/06\/Hotel-des-Alpes-Greoux-Les-Bains-buffet-petit-dejeuner-1-1.jpg'><img loading=\"lazy\" decoding=\"async\" width=\"150\" height=\"150\" src=\"https:\/\/www.hotel-spa-lesalpes.fr\/wp-content\/uploads\/2011\/06\/Hotel-des-Alpes-Greoux-Les-Bains-buffet-petit-dejeuner-1-1-150x150.jpg\" class=\"attachment-thumbnail size-thumbnail\" alt=\"\" srcset=\"https:\/\/www.hotel-spa-lesalpes.fr\/wp-content\/uploads\/2011\/06\/Hotel-des-Alpes-Greoux-Les-Bains-buffet-petit-dejeuner-1-1-150x150.jpg 150w, https:\/\/www.hotel-spa-lesalpes.fr\/wp-content\/uploads\/2011\/06\/Hotel-des-Alpes-Greoux-Les-Bains-buffet-petit-dejeuner-1-1-300x300.jpg 300w, https:\/\/www.hotel-spa-lesalpes.fr\/wp-content\/uploads\/2011\/06\/Hotel-des-Alpes-Greoux-Les-Bains-buffet-petit-dejeuner-1-1-100x100.jpg 100w\" sizes=\"(max-width: 150px) 100vw, 150px\"><\/a>\n\t\t\t<\/dt><\/dl><dl class='gallery-item'>\n\t\t\t<dt class='gallery-icon portrait'>\n\t\t\t\t<a data-elementor-open-lightbox=\"yes\" data-elementor-lightbox-slideshow=\"9d74ca2\" data-elementor-lightbox-title=\"petit-dej-2\" data-e-action-hash=\"#elementor-action%3Aaction%3Dlightbox%26settings%3DeyJpZCI6MTA5MjIsInVybCI6Imh0dHBzOlwvXC93d3cuaG90ZWwtc3BhLWxlc2FscGVzLmZyXC93cC1jb250ZW50XC91cGxvYWRzXC8yMDExXC8wNlwvcGV0aXQtZGVqLTIuanBnIiwic2xpZGVzaG93IjoiOWQ3NGNhMiJ9\" href='https:\/\/www.hotel-spa-lesalpes.fr\/wp-content\/uploads\/2011\/06\/petit-dej-2.jpg'><img loading=\"lazy\" decoding=\"async\" width=\"150\" height=\"150\" src=\"https:\/\/www.hotel-spa-lesalpes.fr\/wp-content\/uploads\/2011\/06\/petit-dej-2-150x150.jpg\" class=\"attachment-thumbnail size-thumbnail\" alt=\"\" srcset=\"https:\/\/www.hotel-spa-lesalpes.fr\/wp-content\/uploads\/2011\/06\/petit-dej-2-150x150.jpg 150w, https:\/\/www.hotel-spa-lesalpes.fr\/wp-content\/uploads\/2011\/06\/petit-dej-2-300x300.jpg 300w, https:\/\/www.hotel-spa-lesalpes.fr\/wp-content\/uploads\/2011\/06\/petit-dej-2-100x100.jpg 100w\" sizes=\"(max-width: 150px) 100vw, 150px\"><\/a>\n\t\t\t<\/dt><\/dl><dl class='gallery-item'>\n\t\t\t<dt class='gallery-icon landscape'>\n\t\t\t\t<a data-elementor-open-lightbox=\"yes\" data-elementor-lightbox-slideshow=\"9d74ca2\" data-elementor-lightbox-title=\"d65644086e62e175b0c5cd48132443c6-1024x661-800x600_c\" data-e-action-hash=\"#elementor-action%3Aaction%3Dlightbox%26settings%3DeyJpZCI6MTA0MzcsInVybCI6Imh0dHBzOlwvXC93d3cuaG90ZWwtc3BhLWxlc2FscGVzLmZyXC93cC1jb250ZW50XC91cGxvYWRzXC8yMDE3XC8wN1wvZDY1NjQ0MDg2ZTYyZTE3NWIwYzVjZDQ4MTMyNDQzYzYtMTAyNHg2NjEtODAweDYwMF9jLmpwZyIsInNsaWRlc2hvdyI6IjlkNzRjYTIifQ%3D%3D\" href='https:\/\/www.hotel-spa-lesalpes.fr\/wp-content\/uploads\/2017\/07\/d65644086e62e175b0c5cd48132443c6-1024x661-800x600_c.jpg'><img loading=\"lazy\" decoding=\"async\" width=\"150\" height=\"150\" src=\"https:\/\/www.hotel-spa-lesalpes.fr\/wp-content\/uploads\/2017\/07\/d65644086e62e175b0c5cd48132443c6-1024x661-800x600_c-150x150.jpg\" class=\"attachment-thumbnail size-thumbnail\" alt=\"\" srcset=\"https:\/\/www.hotel-spa-lesalpes.fr\/wp-content\/uploads\/2017\/07\/d65644086e62e175b0c5cd48132443c6-1024x661-800x600_c-150x150.jpg 150w, https:\/\/www.hotel-spa-lesalpes.fr\/wp-content\/uploads\/2017\/07\/d65644086e62e175b0c5cd48132443c6-1024x661-800x600_c-300x300.jpg 300w, https:\/\/www.hotel-spa-lesalpes.fr\/wp-content\/uploads\/2017\/07\/d65644086e62e175b0c5cd48132443c6-1024x661-800x600_c-100x100.jpg 100w\" sizes=\"(max-width: 150px) 100vw, 150px\"><\/a>\n\t\t\t<\/dt><\/dl><dl class='gallery-item'>\n\t\t\t<dt class='gallery-icon landscape'>\n\t\t\t\t<a data-elementor-open-lightbox=\"yes\" data-elementor-lightbox-slideshow=\"9d74ca2\" data-elementor-lightbox-title=\"image3-640x480_c\" data-e-action-hash=\"#elementor-action%3Aaction%3Dlightbox%26settings%3DeyJpZCI6MTA0MTgsInVybCI6Imh0dHBzOlwvXC93d3cuaG90ZWwtc3BhLWxlc2FscGVzLmZyXC93cC1jb250ZW50XC91cGxvYWRzXC8yMDE3XC8wN1wvaW1hZ2UzLTY0MHg0ODBfYy5qcGVnIiwic2xpZGVzaG93IjoiOWQ3NGNhMiJ9\" href='https:\/\/www.hotel-spa-lesalpes.fr\/wp-content\/uploads\/2017\/07\/image3-640x480_c.jpeg'><img loading=\"lazy\" decoding=\"async\" width=\"150\" height=\"150\" src=\"https:\/\/www.hotel-spa-lesalpes.fr\/wp-content\/uploads\/2017\/07\/image3-640x480_c-150x150.jpeg\" class=\"attachment-thumbnail size-thumbnail\" alt=\"\" srcset=\"https:\/\/www.hotel-spa-lesalpes.fr\/wp-content\/uploads\/2017\/07\/image3-640x480_c-150x150.jpeg 150w, https:\/\/www.hotel-spa-lesalpes.fr\/wp-content\/uploads\/2017\/07\/image3-640x480_c-300x300.jpeg 300w, https:\/\/www.hotel-spa-lesalpes.fr\/wp-content\/uploads\/2017\/07\/image3-640x480_c-100x100.jpeg 100w\" sizes=\"(max-width: 150px) 100vw, 150px\"><\/a>\n\t\t\t<\/dt><\/dl><br style=\"clear: both\" \/><dl class='gallery-item'>\n\t\t\t<dt class='gallery-icon landscape'>\n\t\t\t\t<a data-elementor-open-lightbox=\"yes\" data-elementor-lightbox-slideshow=\"9d74ca2\" data-elementor-lightbox-title=\"petit-dej-1600x1200_c\" data-e-action-hash=\"#elementor-action%3Aaction%3Dlightbox%26settings%3DeyJpZCI6MTAzODksInVybCI6Imh0dHBzOlwvXC93d3cuaG90ZWwtc3BhLWxlc2FscGVzLmZyXC93cC1jb250ZW50XC91cGxvYWRzXC8yMDE3XC8wN1wvcGV0aXQtZGVqLTE2MDB4MTIwMF9jLmpwZyIsInNsaWRlc2hvdyI6IjlkNzRjYTIifQ%3D%3D\" href='https:\/\/www.hotel-spa-lesalpes.fr\/wp-content\/uploads\/2017\/07\/petit-dej-1600x1200_c.jpg'><img loading=\"lazy\" decoding=\"async\" width=\"150\" height=\"150\" src=\"https:\/\/www.hotel-spa-lesalpes.fr\/wp-content\/uploads\/2017\/07\/petit-dej-1600x1200_c-150x150.jpg\" class=\"attachment-thumbnail size-thumbnail\" alt=\"\" srcset=\"https:\/\/www.hotel-spa-lesalpes.fr\/wp-content\/uploads\/2017\/07\/petit-dej-1600x1200_c-150x150.jpg 150w, https:\/\/www.hotel-spa-lesalpes.fr\/wp-content\/uploads\/2017\/07\/petit-dej-1600x1200_c-300x300.jpg 300w, https:\/\/www.hotel-spa-lesalpes.fr\/wp-content\/uploads\/2017\/07\/petit-dej-1600x1200_c-100x100.jpg 100w\" sizes=\"(max-width: 150px) 100vw, 150px\"><\/a>\n\t\t\t<\/dt><\/dl><dl class='gallery-item'>\n\t\t\t<dt class='gallery-icon landscape'>\n\t\t\t\t<a data-elementor-open-lightbox=\"yes\" data-elementor-lightbox-slideshow=\"9d74ca2\" data-elementor-lightbox-title=\"36589eaec347be0d21fdd23109cb1b1e\" data-e-action-hash=\"#elementor-action%3Aaction%3Dlightbox%26settings%3DeyJpZCI6MTAyMjksInVybCI6Imh0dHBzOlwvXC93d3cuaG90ZWwtc3BhLWxlc2FscGVzLmZyXC93cC1jb250ZW50XC91cGxvYWRzXC8yMDE3XC8wN1wvMzY1ODllYWVjMzQ3YmUwZDIxZmRkMjMxMDljYjFiMWUuanBnIiwic2xpZGVzaG93IjoiOWQ3NGNhMiJ9\" href='https:\/\/www.hotel-spa-lesalpes.fr\/wp-content\/uploads\/2017\/07\/36589eaec347be0d21fdd23109cb1b1e.jpg'><img loading=\"lazy\" decoding=\"async\" width=\"150\" height=\"150\" src=\"https:\/\/www.hotel-spa-lesalpes.fr\/wp-content\/uploads\/2017\/07\/36589eaec347be0d21fdd23109cb1b1e-150x150.jpg\" class=\"attachment-thumbnail size-thumbnail\" alt=\"\" srcset=\"https:\/\/www.hotel-spa-lesalpes.fr\/wp-content\/uploads\/2017\/07\/36589eaec347be0d21fdd23109cb1b1e-150x150.jpg 150w, https:\/\/www.hotel-spa-lesalpes.fr\/wp-content\/uploads\/2017\/07\/36589eaec347be0d21fdd23109cb1b1e-300x300.jpg 300w, https:\/\/www.hotel-spa-lesalpes.fr\/wp-content\/uploads\/2017\/07\/36589eaec347be0d21fdd23109cb1b1e-100x100.jpg 100w\" sizes=\"(max-width: 150px) 100vw, 150px\"><\/a>\n\t\t\t<\/dt><\/dl><dl class='gallery-item'>\n\t\t\t<dt class='gallery-icon landscape'>\n\t\t\t\t<a data-elementor-open-lightbox=\"yes\" data-elementor-lightbox-slideshow=\"9d74ca2\" data-elementor-lightbox-title=\"espace-petit-dejeuner-2\" data-e-action-hash=\"#elementor-action%3Aaction%3Dlightbox%26settings%3DeyJpZCI6MTAxODMsInVybCI6Imh0dHBzOlwvXC93d3cuaG90ZWwtc3BhLWxlc2FscGVzLmZyXC93cC1jb250ZW50XC91cGxvYWRzXC8yMDE3XC8wN1wvZXNwYWNlLXBldGl0LWRlamV1bmVyLTItc2NhbGVkLmpwZyIsInNsaWRlc2hvdyI6IjlkNzRjYTIifQ%3D%3D\" href='https:\/\/www.hotel-spa-lesalpes.fr\/wp-content\/uploads\/2017\/07\/espace-petit-dejeuner-2-scaled.jpg'><img loading=\"lazy\" decoding=\"async\" width=\"150\" height=\"150\" src=\"https:\/\/www.hotel-spa-lesalpes.fr\/wp-content\/uploads\/2017\/07\/espace-petit-dejeuner-2-150x150.jpg\" class=\"attachment-thumbnail size-thumbnail\" alt=\"\" srcset=\"https:\/\/www.hotel-spa-lesalpes.fr\/wp-content\/uploads\/2017\/07\/espace-petit-dejeuner-2-150x150.jpg 150w, https:\/\/www.hotel-spa-lesalpes.fr\/wp-content\/uploads\/2017\/07\/espace-petit-dejeuner-2-300x300.jpg 300w, https:\/\/www.hotel-spa-lesalpes.fr\/wp-content\/uploads\/2017\/07\/espace-petit-dejeuner-2-100x100.jpg 100w\" sizes=\"(max-width: 150px) 100vw, 150px\"><\/a>\n\t\t\t<\/dt><\/dl><dl class='gallery-item'>\n\t\t\t<dt class='gallery-icon landscape'>\n\t\t\t\t<a data-elementor-open-lightbox=\"yes\" data-elementor-lightbox-slideshow=\"9d74ca2\" data-elementor-lightbox-title=\"d65644086e62e175b0c5cd48132443c6-800x600_c\" data-e-action-hash=\"#elementor-action%3Aaction%3Dlightbox%26settings%3DeyJpZCI6OTk5MSwidXJsIjoiaHR0cHM6XC9cL3d3dy5ob3RlbC1zcGEtbGVzYWxwZXMuZnJcL3dwLWNvbnRlbnRcL3VwbG9hZHNcLzIwMTdcLzA3XC9kNjU2NDQwODZlNjJlMTc1YjBjNWNkNDgxMzI0NDNjNi04MDB4NjAwX2MuanBnIiwic2xpZGVzaG93IjoiOWQ3NGNhMiJ9\" href='https:\/\/www.hotel-spa-lesalpes.fr\/wp-content\/uploads\/2017\/07\/d65644086e62e175b0c5cd48132443c6-800x600_c.jpg'><img loading=\"lazy\" decoding=\"async\" width=\"150\" height=\"150\" src=\"https:\/\/www.hotel-spa-lesalpes.fr\/wp-content\/uploads\/2017\/07\/d65644086e62e175b0c5cd48132443c6-800x600_c-150x150.jpg\" class=\"attachment-thumbnail size-thumbnail\" alt=\"\" srcset=\"https:\/\/www.hotel-spa-lesalpes.fr\/wp-content\/uploads\/2017\/07\/d65644086e62e175b0c5cd48132443c6-800x600_c-150x150.jpg 150w, https:\/\/www.hotel-spa-lesalpes.fr\/wp-content\/uploads\/2017\/07\/d65644086e62e175b0c5cd48132443c6-800x600_c-300x300.jpg 300w, https:\/\/www.hotel-spa-lesalpes.fr\/wp-content\/uploads\/2017\/07\/d65644086e62e175b0c5cd48132443c6-800x600_c-100x100.jpg 100w\" sizes=\"(max-width: 150px) 100vw, 150px\"><\/a>\n\t\t\t<\/dt><\/dl><br style=\"clear: both\" \/><dl class='gallery-item'>\n\t\t\t<dt class='gallery-icon landscape'>\n\t\t\t\t<a data-elementor-open-lightbox=\"yes\" data-elementor-lightbox-slideshow=\"9d74ca2\" data-elementor-lightbox-title=\"2-nb9enz7ife42uyl53r1kgouxwwg8t51n62wdkl65h8\" data-e-action-hash=\"#elementor-action%3Aaction%3Dlightbox%26settings%3DeyJpZCI6OTYxNCwidXJsIjoiaHR0cHM6XC9cL3d3dy5ob3RlbC1zcGEtbGVzYWxwZXMuZnJcL3dwLWNvbnRlbnRcL3VwbG9hZHNcL2VsZW1lbnRvclwvdGh1bWJzXC8yLW5iOWVuejdpZmU0MnV5bDUzcjFrZ291eHd3Zzh0NTFuNjJ3ZGtsNjVoOC5qcGciLCJzbGlkZXNob3ciOiI5ZDc0Y2EyIn0%3D\" href='https:\/\/www.hotel-spa-lesalpes.fr\/wp-content\/uploads\/elementor\/thumbs\/2-nb9enz7ife42uyl53r1kgouxwwg8t51n62wdkl65h8.jpg'><img loading=\"lazy\" decoding=\"async\" width=\"150\" height=\"150\" src=\"https:\/\/www.hotel-spa-lesalpes.fr\/wp-content\/uploads\/elementor\/thumbs\/2-nb9enz7ife42uyl53r1kgouxwwg8t51n62wdkl65h8-150x150.jpg\" class=\"attachment-thumbnail size-thumbnail\" alt=\"\" srcset=\"https:\/\/www.hotel-spa-lesalpes.fr\/wp-content\/uploads\/elementor\/thumbs\/2-nb9enz7ife42uyl53r1kgouxwwg8t51n62wdkl65h8-150x150.jpg 150w, https:\/\/www.hotel-spa-lesalpes.fr\/wp-content\/uploads\/elementor\/thumbs\/2-nb9enz7ife42uyl53r1kgouxwwg8t51n62wdkl65h8-300x300.jpg 300w, https:\/\/www.hotel-spa-lesalpes.fr\/wp-content\/uploads\/elementor\/thumbs\/2-nb9enz7ife42uyl53r1kgouxwwg8t51n62wdkl65h8-100x100.jpg 100w\" sizes=\"(max-width: 150px) 100vw, 150px\"><\/a>\n\t\t\t<\/dt><\/dl><dl class='gallery-item'>\n\t\t\t<dt class='gallery-icon landscape'>\n\t\t\t\t<a data-elementor-open-lightbox=\"yes\" data-elementor-lightbox-slideshow=\"9d74ca2\" data-elementor-lightbox-title=\"5bda247804df60febfbed0e5f4b53254-1024x736-800x600_c\" data-e-action-hash=\"#elementor-action%3Aaction%3Dlightbox%26settings%3DeyJpZCI6MTAzMzUsInVybCI6Imh0dHBzOlwvXC93d3cuaG90ZWwtc3BhLWxlc2FscGVzLmZyXC93cC1jb250ZW50XC91cGxvYWRzXC8yMDE3XC8wN1wvNWJkYTI0NzgwNGRmNjBmZWJmYmVkMGU1ZjRiNTMyNTQtMTAyNHg3MzYtODAweDYwMF9jLmpwZyIsInNsaWRlc2hvdyI6IjlkNzRjYTIifQ%3D%3D\" href='https:\/\/www.hotel-spa-lesalpes.fr\/wp-content\/uploads\/2017\/07\/5bda247804df60febfbed0e5f4b53254-1024x736-800x600_c.jpg'><img loading=\"lazy\" decoding=\"async\" width=\"150\" height=\"150\" src=\"https:\/\/www.hotel-spa-lesalpes.fr\/wp-content\/uploads\/2017\/07\/5bda247804df60febfbed0e5f4b53254-1024x736-800x600_c-150x150.jpg\" class=\"attachment-thumbnail size-thumbnail\" alt=\"\" srcset=\"https:\/\/www.hotel-spa-lesalpes.fr\/wp-content\/uploads\/2017\/07\/5bda247804df60febfbed0e5f4b53254-1024x736-800x600_c-150x150.jpg 150w, https:\/\/www.hotel-spa-lesalpes.fr\/wp-content\/uploads\/2017\/07\/5bda247804df60febfbed0e5f4b53254-1024x736-800x600_c-300x300.jpg 300w, https:\/\/www.hotel-spa-lesalpes.fr\/wp-content\/uploads\/2017\/07\/5bda247804df60febfbed0e5f4b53254-1024x736-800x600_c-100x100.jpg 100w\" sizes=\"(max-width: 150px) 100vw, 150px\"><\/a>\n\t\t\t<\/dt><\/dl>\n\t\t\t<br style='clear: both' \/>\n\t\t<\/div>\n\t\t<\/div>\n\t\t\t\t\t\t<\/div>\n\t\t\t\t<\/div>\n\t\t\t\t\t<\/div>\n\t\t<\/div>\n\t\t\t\t\t<\/div>\n\t\t<\/section>\n\t\t\t\t<\/div>\n\t\t","protected":false},"excerpt":{"rendered":"<p>Wake up gently, it&#8217;s time for breakfast! Breakfast buffets&#8230; You won&#8217;t be able to do without it !! Sweet buffet with fresh fruit, pancakes, pancakes, brioche, all-butter madeleine, chocolate muffins, brownies, pastries with PDO Charentes butter, apple pie, filled donuts, canel\u00e9s, dried fruit, large selection of cereals, biscuits, Nutella, local jams and honey, etc&#8230; Salty [&hellip;]<\/p>\n","protected":false},"author":3,"featured_media":0,"parent":14197,"menu_order":0,"comment_status":"closed","ping_status":"closed","template":"","meta":{"footnotes":""},"class_list":["post-14184","page","type-page","status-publish","hentry"],"_links":{"self":[{"href":"https:\/\/www.hotel-spa-lesalpes.fr\/en\/wp-json\/wp\/v2\/pages\/14184"}],"collection":[{"href":"https:\/\/www.hotel-spa-lesalpes.fr\/en\/wp-json\/wp\/v2\/pages"}],"about":[{"href":"https:\/\/www.hotel-spa-lesalpes.fr\/en\/wp-json\/wp\/v2\/types\/page"}],"author":[{"embeddable":true,"href":"https:\/\/www.hotel-spa-lesalpes.fr\/en\/wp-json\/wp\/v2\/users\/3"}],"replies":[{"embeddable":true,"href":"https:\/\/www.hotel-spa-lesalpes.fr\/en\/wp-json\/wp\/v2\/comments?post=14184"}],"version-history":[{"count":0,"href":"https:\/\/www.hotel-spa-lesalpes.fr\/en\/wp-json\/wp\/v2\/pages\/14184\/revisions"}],"up":[{"embeddable":true,"href":"https:\/\/www.hotel-spa-lesalpes.fr\/en\/wp-json\/wp\/v2\/pages\/14197"}],"wp:attachment":[{"href":"https:\/\/www.hotel-spa-lesalpes.fr\/en\/wp-json\/wp\/v2\/media?parent=14184"}],"curies":[{"name":"wp","href":"https:\/\/api.w.org\/{rel}","templated":true}]}}